{"id":3595,"date":"2023-06-08T17:33:56","date_gmt":"2023-06-08T20:33:56","guid":{"rendered":"https:\/\/abracicon.org\/abracicon_saber\/ultima-edicao\/"},"modified":"2023-06-08T17:33:56","modified_gmt":"2023-06-08T20:33:56","slug":"ultima-edicao","status":"publish","type":"page","link":"https:\/\/abracicon.org\/abracicon_saber\/ultima-edicao\/","title":{"rendered":"\u00daltima Edi\u00e7\u00e3o"},"content":{"rendered":"","protected":false},"excerpt":{"rendered":"","protected":false},"author":2,"featured_media":0,"parent":0,"menu_order":0,"comment_status":"closed","ping_status":"closed","template":"","meta":{"footnotes":""},"yst_prominent_words":[],"class_list":["post-3595","page","type-page","status-publish","hentry"],"_links":{"self":[{"href":"https:\/\/abracicon.org\/abracicon_saber\/wp-json\/wp\/v2\/pages\/3595","targetHints":{"allow":["GET"]}}],"collection":[{"href":"https:\/\/abracicon.org\/abracicon_saber\/wp-json\/wp\/v2\/pages"}],"about":[{"href":"https:\/\/abracicon.org\/abracicon_saber\/wp-json\/wp\/v2\/types\/page"}],"author":[{"embeddable":true,"href":"https:\/\/abracicon.org\/abracicon_saber\/wp-json\/wp\/v2\/users\/2"}],"replies":[{"embeddable":true,"href":"https:\/\/abracicon.org\/abracicon_saber\/wp-json\/wp\/v2\/comments?post=3595"}],"version-history":[{"count":0,"href":"https:\/\/abracicon.org\/abracicon_saber\/wp-json\/wp\/v2\/pages\/3595\/revisions"}],"wp:attachment":[{"href":"https:\/\/abracicon.org\/abracicon_saber\/wp-json\/wp\/v2\/media?parent=3595"}],"wp:term":[{"taxonomy":"yst_prominent_words","embeddable":true,"href":"https:\/\/abracicon.org\/abracicon_saber\/wp-json\/wp\/v2\/yst_prominent_words?post=3595"}],"curies":[{"name":"wp","href":"https:\/\/api.w.org\/{rel}","templated":true}]}}